{"id":2019,"date":"2026-04-13T18:52:36","date_gmt":"2026-04-13T18:52:36","guid":{"rendered":"https:\/\/sosemie.com\/?post_type=product&#038;p=2019"},"modified":"2026-04-13T18:52:36","modified_gmt":"2026-04-13T18:52:36","slug":"pate-courte-tlitli-au-ble-complet","status":"publish","type":"product","link":"https:\/\/sosemie.com\/produit\/pate-courte-tlitli-au-ble-complet\/","title":{"rendered":"P\u00e2te courte TLITLI au Bl\u00e9 complet"},"content":{"rendered":"<p><strong>Informations Compl\u00e9mentaires<\/strong><\/p>\n<p>\u2022 Format : Langues d&rsquo;oiseau (Tlitli).<br \/>\n\u2022 Composition : 100% Semoule int\u00e9grale de bl\u00e9 dur de qualit\u00e9 sup\u00e9rieure.<br \/>\n\u2022 Usage : Plats traditionnels en sauce, soupes (Chorba) ou en salade fa\u00e7on \u00ab\u00a0risotto\u00a0\u00bb de bl\u00e9.<br \/>\n\u2022 Qualit\u00e9 : Riche en magn\u00e9sium et vitamines du groupe B.<br \/>\n\u2022 Conservation : \u00c0 conserver dans un endroit sec pour pr\u00e9server la fra\u00eecheur du son de bl\u00e9.<\/p>\n","protected":false},"excerpt":{"rendered":"<p>Le Tlitli Complet Sosemie, ces petites p\u00e2tes en forme de grains de langue d&rsquo;oiseau, s&rsquo;offre une nouvelle jeunesse dans cette version int\u00e9grale. Fabriqu\u00e9 \u00e0 partir de semoule de bl\u00e9 dur compl\u00e8te, il conserve l&rsquo;int\u00e9gralit\u00e9 des nutriments du grain (son et germe), offrant ainsi une alternative plus saine et riche en fibres au Tlitli classique.<br \/>\nSa texture est l\u00e9g\u00e8rement plus ferme et son go\u00fbt \u00e9voque les saveurs authentiques du terroir. C&rsquo;est le produit id\u00e9al pour pr\u00e9parer un plat traditionnel tout en prenant soin de sa sant\u00e9 et de sa digestion<\/p>\n","protected":false},"featured_media":1919,"comment_status":"open","ping_status":"closed","template":"","meta":[],"product_brand":[],"product_cat":[52],"product_tag":[],"class_list":{"0":"post-2019","1":"product","2":"type-product","3":"status-publish","4":"has-post-thumbnail","6":"product_cat-tlitli","8":"first","9":"instock","10":"shipping-taxable","11":"product-type-simple"},"_links":{"self":[{"href":"https:\/\/sosemie.com\/wp-json\/wp\/v2\/product\/2019","targetHints":{"allow":["GET"]}}],"collection":[{"href":"https:\/\/sosemie.com\/wp-json\/wp\/v2\/product"}],"about":[{"href":"https:\/\/sosemie.com\/wp-json\/wp\/v2\/types\/product"}],"replies":[{"embeddable":true,"href":"https:\/\/sosemie.com\/wp-json\/wp\/v2\/comments?post=2019"}],"wp:featuredmedia":[{"embeddable":true,"href":"https:\/\/sosemie.com\/wp-json\/wp\/v2\/media\/1919"}],"wp:attachment":[{"href":"https:\/\/sosemie.com\/wp-json\/wp\/v2\/media?parent=2019"}],"wp:term":[{"taxonomy":"product_brand","embeddable":true,"href":"https:\/\/sosemie.com\/wp-json\/wp\/v2\/product_brand?post=2019"},{"taxonomy":"product_cat","embeddable":true,"href":"https:\/\/sosemie.com\/wp-json\/wp\/v2\/product_cat?post=2019"},{"taxonomy":"product_tag","embeddable":true,"href":"https:\/\/sosemie.com\/wp-json\/wp\/v2\/product_tag?post=2019"}],"curies":[{"name":"wp","href":"https:\/\/api.w.org\/{rel}","templated":true}]}}